{"id":137,"date":"2025-08-21T21:48:51","date_gmt":"2025-08-21T21:48:51","guid":{"rendered":"https:\/\/boulet.pub\/en\/?page_id=137"},"modified":"2025-10-11T20:10:14","modified_gmt":"2025-10-11T20:10:14","slug":"terms-and-conditions","status":"publish","type":"page","link":"https:\/\/boulet.pub\/fr\/conditions-generales\/","title":{"rendered":"Conditions g\u00e9n\u00e9rales"},"content":{"rendered":"<h4 data-start=\"100\" data-end=\"123\">Livres num\u00e9riques<\/h4>\n<p data-start=\"125\" data-end=\"147\">Bient\u00f4t disponibles.<\/p>\n<h4 data-start=\"149\" data-end=\"168\">Livres papier<\/h4>\n<p data-start=\"170\" data-end=\"377\">Nos livres papier sont imprim\u00e9s \u00e0 la demande par Lulu et Amazon KDP, puis exp\u00e9di\u00e9s directement au client. Les clients sont redirig\u00e9s vers Lulu ou Amazon pour finaliser leur achat. Lorsqu\u2019il existe un choix entre une impression Lulu et une impression Amazon, les clients doivent savoir que les impressions Lulu sont g\u00e9n\u00e9ralement de meilleure qualit\u00e9, mais entra\u00eenent souvent des frais d\u2019exp\u00e9dition plus \u00e9lev\u00e9s.<\/p>\n<h4 data-start=\"379\" data-end=\"399\">Devise<\/h4>\n<p data-start=\"401\" data-end=\"741\">Les prix sont indiqu\u00e9s en dollars canadiens (CAD). Dans certains cas, le prix affich\u00e9 est une approximation, lorsque le service d\u2019impression \u00e0 la demande exige que nous fixions le prix de base dans une autre devise.<\/p>\n<h4 data-start=\"933\" data-end=\"958\">Produits endommag\u00e9s<\/h4>\n<p data-start=\"960\" data-end=\"1327\">Si votre commande, ou une partie de votre commande, arrive endommag\u00e9e, veuillez contacter d\u00e8s que possible le service d\u2019impression \u00e0 la demande aupr\u00e8s duquel vous avez pass\u00e9 votre commande.<\/p>\n<h4 data-start=\"1329\" data-end=\"1360\">Remboursements et retours<\/h4>\n<p data-start=\"1362\" data-end=\"1476\">Boulet Publishing ne peut accepter aucune demande de remboursement ou de retour. Toutes les ventes sont finales.<\/p>\n","protected":false},"excerpt":{"rendered":"<p>Livres num\u00e9riques Bient\u00f4t disponibles. Livres papier Nos livres papier sont imprim\u00e9s \u00e0 la demande par Lulu et Amazon KDP, puis exp\u00e9di\u00e9s directement au client. Les clients sont redirig\u00e9s vers Lulu&hellip;<\/p>\n","protected":false},"author":1,"featured_media":0,"parent":0,"menu_order":0,"comment_status":"closed","ping_status":"closed","template":"","meta":{"footnotes":""},"class_list":["post-137","page","type-page","status-publish","hentry"],"jetpack_sharing_enabled":true,"_links":{"self":[{"href":"https:\/\/boulet.pub\/fr\/wp-json\/wp\/v2\/pages\/137","targetHints":{"allow":["GET"]}}],"collection":[{"href":"https:\/\/boulet.pub\/fr\/wp-json\/wp\/v2\/pages"}],"about":[{"href":"https:\/\/boulet.pub\/fr\/wp-json\/wp\/v2\/types\/page"}],"author":[{"embeddable":true,"href":"https:\/\/boulet.pub\/fr\/wp-json\/wp\/v2\/users\/1"}],"replies":[{"embeddable":true,"href":"https:\/\/boulet.pub\/fr\/wp-json\/wp\/v2\/comments?post=137"}],"version-history":[{"count":3,"href":"https:\/\/boulet.pub\/fr\/wp-json\/wp\/v2\/pages\/137\/revisions"}],"predecessor-version":[{"id":240,"href":"https:\/\/boulet.pub\/fr\/wp-json\/wp\/v2\/pages\/137\/revisions\/240"}],"wp:attachment":[{"href":"https:\/\/boulet.pub\/fr\/wp-json\/wp\/v2\/media?parent=137"}],"curies":[{"name":"wp","href":"https:\/\/api.w.org\/{rel}","templated":true}]}}