{"id":190,"date":"2025-08-29T17:53:17","date_gmt":"2025-08-29T17:53:17","guid":{"rendered":"https:\/\/boulet.pub\/en\/cookie-policy-ca\/"},"modified":"2025-08-29T17:53:17","modified_gmt":"2025-08-29T17:53:17","slug":"cookie-policy-ca","status":"publish","type":"page","link":"https:\/\/boulet.pub\/fr\/politique-des-cookies-ca\/","title":{"rendered":"Politique des cookies (CA)"},"content":{"rendered":"\n<!-- Legal document generated by Complianz | GDPR\/CCPA Cookie Consent https:\/\/wordpress.org\/plugins\/complianz-gdpr -->\n<div id=\"cmplz-document\" class=\"cmplz-document cookie-statement cmplz-document-ca\"><p><i>Cette page a \u00e9t\u00e9 modifi\u00e9e sur ao\u00fbt 30, 2025, derni\u00e8re v\u00e9rification sur ao\u00fbt 30, 2025 et s'applique aux citoyens et aux r\u00e9sidents permanents du Canada.<\/i><br \/><\/p><h2>1. Introduction<\/h2><p>Notre site web, <a href=\"https:\/\/boulet.pub\/fr\/\">https:\/\/boulet.pub\/fr\/<\/a> (ci-apr\u00e8s: \"le site\") utilise des cookies et d'autres technologies connexes (pour des raisons de commodit\u00e9, toutes les technologies sont appel\u00e9s \"cookies\"). Des Cookies sont plac\u00e9s par des tiers, nous nous sommes engag\u00e9s. Dans le document ci-dessous, nous vous informer sur l'utilisation de cookies sur notre site web.<\/p><h2>2. Que sont les cookies?<\/h2><p>Un cookie est un simple fichier qui est envoy\u00e9 avec les pages de ce site web et stock\u00e9es par votre navigateur sur le disque dur de votre ordinateur ou un autre appareil. Les informations qui y sont stock\u00e9es peuvent \u00eatre retourn\u00e9s \u00e0 nos serveurs ou les serveurs de tiers concern\u00e9s lors d'une visite ult\u00e9rieure.<\/p><h2>3. Quels sont les scripts?<\/h2><p>Un script est un morceau de code qui est utilis\u00e9 pour faire de notre site web fonctionne correctement et de mani\u00e8re interactive. Ce code est ex\u00e9cut\u00e9 sur notre serveur ou sur votre appareil.<\/p><h2>4. Qu&#039;est ce qu&#039;une balise web?<\/h2><p>Une balise web (ou un pixel tag) est un petit, invisible morceau de texte ou une image sur un site web qui est utilis\u00e9 pour surveiller le trafic sur un site web. Pour ce faire, diverses donn\u00e9es vous concernant sont stock\u00e9es \u00e0 l'aide de balises web.<\/p><h2>5. Des tiers<\/h2><p>Nous avons conclu des accords sur l'utilisation des cookies avec d'autres entreprises qui placent des cookies. Cependant, nous ne pouvons pas garantir que ces tiers traitent vos donn\u00e9es personnelles dans un fiable ou de mani\u00e8re s\u00e9curis\u00e9e. Parties comme Google sont \u00e0 consid\u00e9rer comme des contr\u00f4leurs de donn\u00e9es ind\u00e9pendants. Nous vous recommandons de lire les d\u00e9clarations de confidentialit\u00e9 de ces soci\u00e9t\u00e9s.<\/p><h2>6. Les Cookies<\/h2><p class=\"cmplz-subtitle\">6.1 Technique ou fonctionnelle des cookies<\/p><p>Certains cookies de s'assurer que certaines parties du site web fonctionnent correctement et que vos pr\u00e9f\u00e9rences de l'utilisateur restent connus. En pla\u00e7ant des cookies fonctionnels, nous rendre plus facile pour vous de visiter notre site web. De cette fa\u00e7on, vous n'avez pas besoin de saisir plusieurs fois les m\u00eames informations lorsque vous visitez notre site web et, par exemple, les \u00e9l\u00e9ments restent dans votre panier jusqu'\u00e0 ce que vous avez pay\u00e9.<\/p><p class=\"cmplz-subtitle\">6.2 Statistiques des cookies<\/p><p>Nous avons des statistiques d'utilisation des cookies pour optimiser le site web de l'exp\u00e9rience de nos utilisateurs. Avec ces statistiques, les cookies nous obtenons un aper\u00e7u de l'utilisation de notre site web.<\/p><p class=\"cmplz-subtitle\">6.3 Marketing\/cookies de Suivi<\/p><p>Marketing\/Tracking cookies sont des cookies ou toute autre forme de stockage local, utilis\u00e9 pour cr\u00e9er des profils d'utilisateur pour afficher de la publicit\u00e9 ou de la piste de l'utilisateur sur le pr\u00e9sent site web ou \u00e0 travers plusieurs sites web similaires \u00e0 des fins de marketing.<\/p><h2>7. Plac\u00e9 cookies<\/h2><div id=\"cmplz-cookies-overview\"><\/div><h2>8. Consentement<\/h2><p>Lorsque vous visitez notre site web pour la premi\u00e8re fois, nous allons vous montrer un pop-up avec une explication sur les cookies. D\u00e8s que vous cliquez sur \"Accept\", vous nous autorisez \u00e0 utiliser tous les cookies et les plugins comme d\u00e9crit dans la pop-up et cette Politique de Cookie. Vous pouvez d\u00e9sactiver l'utilisation de cookies via votre navigateur, mais s'il vous pla\u00eet noter que notre site web peut ne plus fonctionner correctement.<\/p><p class=\"cmplz-subtitle\">8.1 G\u00e9rer les param\u00e8tres de votre consentement<\/p><div id=\"cmplz-manage-consent-container-nojavascript\">Vous avez charg\u00e9 de la Politique en mati\u00e8re de Cookies sans support javascript.&nbsp;Sur l'AMPLI, vous pouvez utiliser le g\u00e9rer consentement bouton sur le bas de la page.<\/div><div id=\"cmplz-manage-consent-container\" class=\"cmplz-manage-consent-container\"><\/div><p>Vous pouvez \u00e9galement d\u00e9sactiver l'utilisation de cookies via votre navigateur, mais s'il vous pla\u00eet noter que notre site web peut ne plus fonctionner correctement.<\/p><h2>9. Activation\/d\u00e9sactivation et la suppression des cookies<\/h2><p>Vous pouvez utiliser votre navigateur internet automatiquement ou manuellement supprimer les cookies. Vous pouvez \u00e9galement sp\u00e9cifier que certains cookies ne peuvent pas \u00eatre plac\u00e9es. Une autre option consiste \u00e0 modifier les param\u00e8tres de votre navigateur internet de sorte que vous recevez un message chaque fois qu'un cookie est plac\u00e9. Pour plus d'informations sur ces options, veuillez vous r\u00e9f\u00e9rer aux instructions fournies dans la section Aide de votre navigateur. Ou vous pouvez nous indiquer vos pr\u00e9f\u00e9rences sur la page suivante: <a href=\"https:\/\/youradchoices.ca\" rel=\"noopener noreferrer nofollow\" target=\"_blank\">youradchoices.ca<\/a><\/p><p>Veuillez noter que notre site web peut ne pas fonctionner correctement que si tous les t\u00e9moins sont d\u00e9sactiv\u00e9s. Si vous supprimez les cookies dans votre navigateur, ils seront plac\u00e9s de nouveau apr\u00e8s votre consentement lorsque vous visitez notre site web \u00e0 nouveau.<\/p><h2>10. Vos droits concernant les donn\u00e9es personnelles<\/h2><p>Vous avez les droits suivants \u00e0 l'\u00e9gard de vos donn\u00e9es personnelles:<\/p><ul>\n                <li>vous pouvez soumettre une demande d'acc\u00e8s \u00e0 des donn\u00e9es que nous traitons;<\/li>\n                <li>vous pouvez vous opposer au traitement;<\/li>\n                <li>vous pouvez demander un aper\u00e7u, dans un format couramment utilis\u00e9, les donn\u00e9es que nous traitons;<\/li>\n                <li>vous pouvez demander la correction ou la suppression de ces donn\u00e9es si elles sont inexactes ou pas, ou ne sont plus pertinentes. Le cas \u00e9ch\u00e9ant, l'information modifi\u00e9e doit \u00eatre transmis \u00e0 des tiers ayant acc\u00e8s aux renseignements en question.<\/li>\n                <li>Vous avez le droit de retirer son consentement \u00e0 tout moment, sous r\u00e9serve de restrictions juridiques ou contractuelles et d'un pr\u00e9avis raisonnable. Vous serez inform\u00e9 des cons\u00e9quences d'un tel retrait.<\/li>\n                <li>Vous avez le droit de d\u00e9poser une plainte concernant la non-conformit\u00e9 \u00e0 la LPRPDE pour notre organisation et, si le probl\u00e8me n'est pas r\u00e9solu, au Bureau de la Commissaire \u00e0 la vie priv\u00e9e du Canada.<\/li>\n            <\/ul><p>Pour exercer ces droits, veuillez nous contacter. Veuillez consulter les d\u00e9tails de contact au bas de cette Politique en mati\u00e8re de Cookies. Si vous avez une plainte au sujet de la fa\u00e7on dont nous traitons vos donn\u00e9es, nous aimerions entendre parler de vous.<\/p><h2>11. Coordonn\u00e9es<\/h2><p>Pour des questions et\/ou commentaires au sujet de notre Politique en mati\u00e8re de Cookies et de cette d\u00e9claration, veuillez nous contacter en utilisant les coordonn\u00e9es suivantes:<\/p><p><span class=\"cmplz-contact-organisation\">Boulet Publishing<\/span><br \/>\n                    <span class=\"cmplz-contact-address\">1621 rue Springland<br \/>\nMontreal (QC) H4E 2E4<\/span><br \/>\n                    <span class=\"cmplz-contact-country\">Canada<\/span><br \/>\n                    <span class=\"cmplz-contact-domain\">Site web: <a href=\"https:\/\/boulet.pub\/fr\/\">https:\/\/boulet.pub\/fr\/<\/a><\/span><br>\n                    <span class=\"cmplz-contact-email\">E-mail: <span class=\"cmplz-obfuscate\">s&#117;&#112;&#112;&#111;rt@<span class=\"cmplz-fmail-domain\">ex&#046;&#099;o&#109;<\/span>b&#111;&#117;l&#101;&#116;&#046;&#112;ub<\/span><\/span><br>\n                    <span class=\"cmplz-contact-telephone\"><\/span><\/p><p>Cette Politique en mati\u00e8re de Cookies a \u00e9t\u00e9 synchronis\u00e9 avec le <a href=\"https:\/\/cookiedatabase.org\/\" target=\"_blank\">cookiedatabase.org<\/a> sur ao\u00fbt 29, 2025.<\/p><\/div>\n","protected":false},"excerpt":{"rendered":"","protected":false},"author":1,"featured_media":0,"parent":0,"menu_order":0,"comment_status":"closed","ping_status":"closed","template":"","meta":{"footnotes":""},"class_list":["post-190","page","type-page","status-publish","hentry"],"jetpack_sharing_enabled":true,"_links":{"self":[{"href":"https:\/\/boulet.pub\/fr\/wp-json\/wp\/v2\/pages\/190","targetHints":{"allow":["GET"]}}],"collection":[{"href":"https:\/\/boulet.pub\/fr\/wp-json\/wp\/v2\/pages"}],"about":[{"href":"https:\/\/boulet.pub\/fr\/wp-json\/wp\/v2\/types\/page"}],"author":[{"embeddable":true,"href":"https:\/\/boulet.pub\/fr\/wp-json\/wp\/v2\/users\/1"}],"replies":[{"embeddable":true,"href":"https:\/\/boulet.pub\/fr\/wp-json\/wp\/v2\/comments?post=190"}],"version-history":[{"count":0,"href":"https:\/\/boulet.pub\/fr\/wp-json\/wp\/v2\/pages\/190\/revisions"}],"wp:attachment":[{"href":"https:\/\/boulet.pub\/fr\/wp-json\/wp\/v2\/media?parent=190"}],"curies":[{"name":"wp","href":"https:\/\/api.w.org\/{rel}","templated":true}]}}