{"id":3,"date":"2025-08-20T10:54:44","date_gmt":"2025-08-20T10:54:44","guid":{"rendered":"https:\/\/boulet.pub\/?page_id=3"},"modified":"2025-08-29T18:06:38","modified_gmt":"2025-08-29T18:06:38","slug":"privacy-policy","status":"publish","type":"page","link":"https:\/\/boulet.pub\/fr\/politique-de-confidentialite\/","title":{"rendered":"Politique de confidentialit\u00e9"},"content":{"rendered":"<h4 data-start=\"74\" data-end=\"96\">Qui nous sommes<\/h4>\n<p data-start=\"98\" data-end=\"210\">Boulet Publishing est une maison d\u2019\u00e9dition ind\u00e9pendante. L\u2019adresse de notre site web est : <a class=\"decorated-link\" href=\"https:\/\/boulet.pub\/\" target=\"_new\" rel=\"noopener\" data-start=\"189\" data-end=\"207\">https:\/\/boulet.pub<\/a>.<\/p>\n<h4 data-start=\"212\" data-end=\"231\">Commentaires<\/h4>\n<p data-start=\"233\" data-end=\"512\">Lorsque les visiteurs laissent des commentaires ou des avis sur le site, nous collectons les donn\u00e9es indiqu\u00e9es dans le formulaire de commentaire, ainsi que l\u2019adresse IP du visiteur et la cha\u00eene de l\u2019agent utilisateur de son navigateur afin d\u2019aider \u00e0 la d\u00e9tection des pourriels.<\/p>\n<p data-start=\"514\" data-end=\"907\">Une cha\u00eene anonymis\u00e9e cr\u00e9\u00e9e \u00e0 partir de votre adresse e-mail (\u00e9galement appel\u00e9e <em data-start=\"594\" data-end=\"600\">hash<\/em>) peut \u00eatre fournie au service Gravatar pour v\u00e9rifier si vous l\u2019utilisez. La politique de confidentialit\u00e9 du service Gravatar est disponible ici : <a class=\"decorated-link\" href=\"https:\/\/automattic.com\/privacy\/\" target=\"_new\" rel=\"noopener\" data-start=\"747\" data-end=\"778\">https:\/\/automattic.com\/privacy\/<\/a>. Apr\u00e8s approbation de votre commentaire, votre photo de profil est visible publiquement dans le contexte de votre commentaire.<\/p>\n<h4 data-start=\"909\" data-end=\"922\">M\u00e9dias<\/h4>\n<p data-start=\"924\" data-end=\"1200\">Si vous t\u00e9l\u00e9versez des images sur le site web, vous devriez \u00e9viter de t\u00e9l\u00e9verser des images contenant des donn\u00e9es de localisation int\u00e9gr\u00e9es (EXIF GPS). Les visiteurs du site peuvent t\u00e9l\u00e9charger et extraire toutes les donn\u00e9es de localisation des images pr\u00e9sentes sur le site.<\/p>\n<h4 data-start=\"1202\" data-end=\"1216\">Cookies<\/h4>\n<p data-start=\"1218\" data-end=\"1528\">Voir notre page de <a href=\"https:\/\/boulet.pub\/fr\/politique-des-cookies-ca\/\">Politique des cookies<\/a>.<\/p>\n<h4 data-start=\"2470\" data-end=\"2518\">Contenu int\u00e9gr\u00e9 depuis d\u2019autres sites web<\/h4>\n<p data-start=\"2520\" data-end=\"2763\">Les articles de ce site peuvent inclure du contenu int\u00e9gr\u00e9 (par exemple : vid\u00e9os, images, articles, etc.). Le contenu int\u00e9gr\u00e9 depuis d\u2019autres sites web se comporte exactement de la m\u00eame mani\u00e8re que si le visiteur avait visit\u00e9 cet autre site.<\/p>\n<p data-start=\"2765\" data-end=\"3034\">Ces sites web peuvent collecter des donn\u00e9es sur vous, utiliser des cookies, int\u00e9grer un suivi suppl\u00e9mentaire par des tiers et surveiller vos interactions avec ce contenu int\u00e9gr\u00e9, y compris suivre vos interactions si vous avez un compte et \u00eates connect\u00e9 \u00e0 ce site web.<\/p>\n<h4 data-start=\"3036\" data-end=\"3079\">Avec qui nous partageons vos donn\u00e9es<\/h4>\n<p data-start=\"3081\" data-end=\"3202\">Si vous demandez une r\u00e9initialisation de mot de passe, votre adresse IP sera incluse dans l\u2019e-mail de r\u00e9initialisation.<\/p>\n<h4 data-start=\"3204\" data-end=\"3247\">Dur\u00e9e de conservation de vos donn\u00e9es<\/h4>\n<p data-start=\"3249\" data-end=\"3488\">Si vous laissez un commentaire, le commentaire et ses m\u00e9tadonn\u00e9es sont conserv\u00e9s ind\u00e9finiment. Cela nous permet de reconna\u00eetre et d\u2019approuver automatiquement tout commentaire de suivi au lieu de les conserver dans une file de mod\u00e9ration.<\/p>\n<p data-start=\"3490\" data-end=\"3896\">Pour les utilisateurs qui s\u2019enregistrent sur notre site (le cas \u00e9ch\u00e9ant), nous stockons \u00e9galement les informations personnelles qu\u2019ils fournissent dans leur profil utilisateur. Tous les utilisateurs peuvent voir, modifier ou supprimer leurs informations personnelles \u00e0 tout moment (\u00e0 l\u2019exception de leur nom d\u2019utilisateur). Les administrateurs du site peuvent \u00e9galement voir et modifier ces informations.<\/p>\n<h4 data-start=\"3898\" data-end=\"3943\">Quels droits vous avez sur vos donn\u00e9es<\/h4>\n<p data-start=\"3945\" data-end=\"4424\">Si vous avez un compte sur ce site, ou si vous avez laiss\u00e9 des commentaires, vous pouvez demander \u00e0 recevoir un fichier export\u00e9 des donn\u00e9es personnelles que nous d\u00e9tenons \u00e0 votre sujet, y compris toutes les donn\u00e9es que vous nous avez fournies. Vous pouvez \u00e9galement demander que nous effacions toutes les donn\u00e9es personnelles que nous d\u00e9tenons \u00e0 votre sujet. Cela n\u2019inclut pas les donn\u00e9es que nous sommes oblig\u00e9s de conserver \u00e0 des fins administratives, l\u00e9gales ou de s\u00e9curit\u00e9.<\/p>\n<h4 data-start=\"4426\" data-end=\"4461\">O\u00f9 vos donn\u00e9es sont envoy\u00e9es<\/h4>\n<p data-start=\"4463\" data-end=\"4577\">Les commentaires des visiteurs peuvent \u00eatre v\u00e9rifi\u00e9s \u00e0 l\u2019aide d\u2019un service automatis\u00e9 de d\u00e9tection de pourriels.<\/p>\n","protected":false},"excerpt":{"rendered":"<p>Qui nous sommes Boulet Publishing est une maison d\u2019\u00e9dition ind\u00e9pendante. L\u2019adresse de notre site web est : https:\/\/boulet.pub. Commentaires Lorsque les visiteurs laissent des commentaires ou des avis sur le&hellip;<\/p>\n","protected":false},"author":1,"featured_media":0,"parent":0,"menu_order":0,"comment_status":"closed","ping_status":"open","template":"","meta":{"footnotes":""},"class_list":["post-3","page","type-page","status-publish","hentry"],"jetpack_sharing_enabled":true,"_links":{"self":[{"href":"https:\/\/boulet.pub\/fr\/wp-json\/wp\/v2\/pages\/3","targetHints":{"allow":["GET"]}}],"collection":[{"href":"https:\/\/boulet.pub\/fr\/wp-json\/wp\/v2\/pages"}],"about":[{"href":"https:\/\/boulet.pub\/fr\/wp-json\/wp\/v2\/types\/page"}],"author":[{"embeddable":true,"href":"https:\/\/boulet.pub\/fr\/wp-json\/wp\/v2\/users\/1"}],"replies":[{"embeddable":true,"href":"https:\/\/boulet.pub\/fr\/wp-json\/wp\/v2\/comments?post=3"}],"version-history":[{"count":2,"href":"https:\/\/boulet.pub\/fr\/wp-json\/wp\/v2\/pages\/3\/revisions"}],"predecessor-version":[{"id":191,"href":"https:\/\/boulet.pub\/fr\/wp-json\/wp\/v2\/pages\/3\/revisions\/191"}],"wp:attachment":[{"href":"https:\/\/boulet.pub\/fr\/wp-json\/wp\/v2\/media?parent=3"}],"curies":[{"name":"wp","href":"https:\/\/api.w.org\/{rel}","templated":true}]}}