{"id":98,"date":"2025-08-20T15:00:01","date_gmt":"2025-08-20T15:00:01","guid":{"rendered":"https:\/\/boulet.pub\/?page_id=98"},"modified":"2025-09-16T12:33:32","modified_gmt":"2025-09-16T12:33:32","slug":"about","status":"publish","type":"page","link":"https:\/\/boulet.pub\/fr\/a-propos\/","title":{"rendered":"\u00c0 propos"},"content":{"rendered":"<p>\u00c9ditions Boulet est une petite maison d\u2019\u00e9dition bas\u00e9e \u00e0 Montr\u00e9al. Notre premi\u00e8re priorit\u00e9 est de servir de presse acad\u00e9mique en th\u00e9ologie pour des ouvrages en fran\u00e7ais. Toutefois, nous nous int\u00e9ressons \u00e9galement \u00e0 la publication de livres en anglais, ainsi qu\u2019\u00e0 divers genres d\u2019ouvrages \u00e9difiants dans les deux langues, incluant la litt\u00e9rature et du mat\u00e9riel pour l\u2019\u00e9tude personnelle de la Bible.<\/p>\n","protected":false},"excerpt":{"rendered":"<p>\u00c9ditions Boulet est une petite maison d\u2019\u00e9dition bas\u00e9e \u00e0 Montr\u00e9al. Notre premi\u00e8re priorit\u00e9 est de servir de presse acad\u00e9mique en th\u00e9ologie pour des ouvrages en fran\u00e7ais. Toutefois, nous nous int\u00e9ressons&hellip;<\/p>\n","protected":false},"author":1,"featured_media":0,"parent":0,"menu_order":0,"comment_status":"closed","ping_status":"closed","template":"","meta":{"footnotes":""},"class_list":["post-98","page","type-page","status-publish","hentry"],"jetpack_sharing_enabled":true,"_links":{"self":[{"href":"https:\/\/boulet.pub\/fr\/wp-json\/wp\/v2\/pages\/98","targetHints":{"allow":["GET"]}}],"collection":[{"href":"https:\/\/boulet.pub\/fr\/wp-json\/wp\/v2\/pages"}],"about":[{"href":"https:\/\/boulet.pub\/fr\/wp-json\/wp\/v2\/types\/page"}],"author":[{"embeddable":true,"href":"https:\/\/boulet.pub\/fr\/wp-json\/wp\/v2\/users\/1"}],"replies":[{"embeddable":true,"href":"https:\/\/boulet.pub\/fr\/wp-json\/wp\/v2\/comments?post=98"}],"version-history":[{"count":4,"href":"https:\/\/boulet.pub\/fr\/wp-json\/wp\/v2\/pages\/98\/revisions"}],"predecessor-version":[{"id":228,"href":"https:\/\/boulet.pub\/fr\/wp-json\/wp\/v2\/pages\/98\/revisions\/228"}],"wp:attachment":[{"href":"https:\/\/boulet.pub\/fr\/wp-json\/wp\/v2\/media?parent=98"}],"curies":[{"name":"wp","href":"https:\/\/api.w.org\/{rel}","templated":true}]}}