{"id":245,"date":"2025-12-18T22:16:22","date_gmt":"2025-12-18T22:16:22","guid":{"rendered":"https:\/\/boulet.pub\/product\/\/"},"modified":"2026-04-10T15:03:22","modified_gmt":"2026-04-10T15:03:22","slug":"le-sommaire-texte-modernise","status":"publish","type":"product","link":"https:\/\/boulet.pub\/fr\/product\/le-sommaire-texte-modernise\/","title":{"rendered":"Le sommaire (texte modernis\u00e9)"},"content":{"rendered":"<p>Un expos\u00e9 de la foi chr\u00e9tienne en 43 chapitres par le r\u00e9formateur fran\u00e7ais du XVI\u1d49 si\u00e8cle Guillaume Farel. Cette \u00e9dition modernise le fran\u00e7ais de l\u2019\u00e9dition de 1867 (elle-m\u00eame fond\u00e9e sur celle de 1534), tout en cherchant \u00e0 pr\u00e9server la voix singuli\u00e8re de Farel. La passion de l\u2019auteur traverse tout le texte et laisse souvent entrevoir la lutte bien r\u00e9elle, jusqu\u2019\u00e0 la vie et \u00e0 la mort, que lui et ses compagnons men\u00e8rent en pr\u00eachant l\u2019\u00c9vangile en exil, en Suisse.<\/p>\n<p>Parmi les sujets d\u2019int\u00e9r\u00eat g\u00e9n\u00e9ral abord\u00e9s dans Le sommaire figurent notamment les doctrines de Dieu et de l\u2019\u00eatre humain, l\u2019\u00e9ducation des enfants et la pr\u00e9paration \u00e0 la mort. L\u2019ensemble de l\u2019ouvrage est profond\u00e9ment marqu\u00e9 par les pr\u00e9occupations de la R\u00e9forme : la foi, la gr\u00e2ce, l\u2019\u00c9criture, la tradition, l\u2019\u00c9glise, la messe et les sacrements.<\/p>\n<div class=\"_df_book df-lite\" id=\"df_246\"  _slug=\"246\" data-title=\"le-sommaire-ebook\" wpoptions=\"true\" thumb=\"https:\/\/boulet.pub\/wp-content\/uploads\/2025\/12\/cover-EBOOK-le-sommaire-scaled.jpg\" thumbtype=\"\" ><\/div><script class=\"df-shortcode-script\" nowprocket type=\"application\/javascript\">window.option_df_246 = {\"outline\":[],\"height\":\"600\",\"autoEnableOutline\":\"false\",\"autoEnableThumbnail\":\"false\",\"overwritePDFOutline\":\"false\",\"enableDownload\":\"false\",\"direction\":\"1\",\"pageSize\":\"0\",\"pageMode\":\"2\",\"soundEnable\":\"false\",\"source\":\"https:\\\/\\\/boulet.pub\\\/wp-content\\\/uploads\\\/2025\\\/12\\\/sample-farel-le-sommaire.pdf\",\"wpOptions\":\"true\"}; if(window.DFLIP && window.DFLIP.parseBooks){window.DFLIP.parseBooks();}<\/script>\n","protected":false},"excerpt":{"rendered":"<p><strong>EBOOK &#8211; PDF &amp; EPUB<\/strong><\/p>\n<p>Un expos\u00e9 de la foi chr\u00e9tienne en 43 chapitres par le r\u00e9formateur fran\u00e7ais du XVI\u1d49 si\u00e8cle Guillaume Farel. Cette \u00e9dition modernise le fran\u00e7ais de l\u2019\u00e9dition de 1867 (elle-m\u00eame fond\u00e9e sur celle de 1534), tout en cherchant \u00e0 pr\u00e9server la voix singuli\u00e8re de Farel.<\/p>\n<p><a class=\"button catalog-button\" href=\"https:\/\/ko-fi.com\/s\/6610d17379\" target=\"_blank\" rel=\"noopener\">T\u00e9l\u00e9charger sur Ko-fi<\/a><\/p>\n","protected":false},"featured_media":248,"comment_status":"closed","ping_status":"closed","template":"","meta":[],"product_brand":[],"product_cat":[40,41],"product_tag":[20],"class_list":{"0":"post-245","1":"product","2":"type-product","3":"status-publish","4":"has-post-thumbnail","6":"product_cat-theologie-historique","7":"product_cat-reforme","8":"product_tag-francais","9":"pa_authors-guillaume-farel","11":"first","12":"instock","13":"shipping-taxable","14":"purchasable","15":"product-type-simple"},"jetpack_sharing_enabled":true,"_links":{"self":[{"href":"https:\/\/boulet.pub\/fr\/wp-json\/wp\/v2\/product\/245","targetHints":{"allow":["GET"]}}],"collection":[{"href":"https:\/\/boulet.pub\/fr\/wp-json\/wp\/v2\/product"}],"about":[{"href":"https:\/\/boulet.pub\/fr\/wp-json\/wp\/v2\/types\/product"}],"replies":[{"embeddable":true,"href":"https:\/\/boulet.pub\/fr\/wp-json\/wp\/v2\/comments?post=245"}],"wp:featuredmedia":[{"embeddable":true,"href":"https:\/\/boulet.pub\/fr\/wp-json\/wp\/v2\/media\/248"}],"wp:attachment":[{"href":"https:\/\/boulet.pub\/fr\/wp-json\/wp\/v2\/media?parent=245"}],"wp:term":[{"taxonomy":"product_brand","embeddable":true,"href":"https:\/\/boulet.pub\/fr\/wp-json\/wp\/v2\/product_brand?post=245"},{"taxonomy":"product_cat","embeddable":true,"href":"https:\/\/boulet.pub\/fr\/wp-json\/wp\/v2\/product_cat?post=245"},{"taxonomy":"product_tag","embeddable":true,"href":"https:\/\/boulet.pub\/fr\/wp-json\/wp\/v2\/product_tag?post=245"}],"curies":[{"name":"wp","href":"https:\/\/api.w.org\/{rel}","templated":true}]}}