{"id":77,"date":"2025-08-20T12:13:34","date_gmt":"2025-08-20T12:13:34","guid":{"rendered":"https:\/\/boulet.pub\/product\/guide-de-lecture-du-texte-grec-de-1-3-jean-avec-carnet-de-notes-integre\/"},"modified":"2025-12-19T14:34:37","modified_gmt":"2025-12-19T14:34:37","slug":"guide-1-3-jean","status":"publish","type":"product","link":"https:\/\/boulet.pub\/fr\/product\/guide-1-3-jean\/","title":{"rendered":"Guide de lecture du texte grec de 1-3 Jean avec carnet de notes int\u00e9gr\u00e9"},"content":{"rendered":"<p>Cet ouvrage est destin\u00e9 aux \u00e9tudiants ayant termin\u00e9 un cours de grec biblique \u00e9l\u00e9mentaire et souhaitant poursuivre leur apprentissage. Il propose le texte grec des \u00e9p\u00eetres de Jean, accompagn\u00e9es de trois types de notes en bas de page&nbsp;: un guide lexical pour les mots rares, un commentaire grammatical sur certaines constructions du texte des \u00e9pitres, et quelques notes identifiant des variantes textuelles.<\/p>\n<p>Pour une pratique active, chaque page de texte est doubl\u00e9e d\u2019une page lign\u00e9e pour que l\u2019\u00e9tudiant puisse y noter sa traduction et ses r\u00e9flexions. Un glossaire grec-fran\u00e7ais, un glossaire linguistique et une analyse compl\u00e8te des verbes enrichissent \u00e9galement ce volume, offrant un support id\u00e9al pour consolider ses bases et avancer en lecture biblique.<\/p>\n<div class=\"_df_book df-lite\" id=\"df_132\"  _slug=\"guide-de-lecture-du-texte-grec-de-1-3-jean\" data-title=\"guide-de-lecture-du-texte-grec-de-1-3-jean\" wpoptions=\"true\" thumb=\"https:\/\/boulet.pub\/wp-content\/uploads\/2025\/08\/v845v8z-front-shortedge-384.jpg\" thumbtype=\"\" ><\/div><script class=\"df-shortcode-script\" nowprocket type=\"application\/javascript\">window.option_df_132 = {\"outline\":[],\"height\":\"600\",\"autoEnableOutline\":\"false\",\"autoEnableThumbnail\":\"false\",\"overwritePDFOutline\":\"false\",\"enableDownload\":\"false\",\"direction\":\"1\",\"pageSize\":\"0\",\"soundEnable\":\"false\",\"source\":\"https:\\\/\\\/boulet.pub\\\/wp-content\\\/uploads\\\/2025\\\/08\\\/sample-1-3-john-reader.pdf\",\"wpOptions\":\"true\"}; if(window.DFLIP && window.DFLIP.parseBooks){window.DFLIP.parseBooks();}<\/script>\n","protected":false},"excerpt":{"rendered":"<p>Cet ouvrage est destin\u00e9 aux \u00e9tudiants ayant termin\u00e9 un cours de grec biblique \u00e9l\u00e9mentaire et souhaitant poursuivre leur apprentissage. Il propose le texte grec des \u00e9p\u00eetres de Jean, accompagn\u00e9es de trois types de notes en bas de page&nbsp;: un guide lexical pour les mots rares, un commentaire grammatical sur certaines constructions du texte des \u00e9pitres, et quelques notes identifiant des variantes textuelles.<\/p>\n<p><a href=\"https:\/\/www.lulu.com\/shop\/jacques-boulet\/guide-de-lecture-du-texte-grec-de-1-3-jean-avec-carnet-de-notes-int\u00e9gr\u00e9\/paperback\/product-v845v8z.html?page=1&amp;pageSize=4\" target=\"_blank\" class=\"button catalog-button\">Acheter sur Lulu<\/a><\/p>\n<p><a href=\"https:\/\/www.amazon.ca\/dp\/2982095327\" target=\"_blank\" class=\"button catalog-button\">Acheter sur Amazon<\/a><\/p>\n<p><em>La version Lulu est de meilleure qualit\u00e9, mais co\u00fbte plus cher \u00e0 exp\u00e9dier.<\/em><\/p>\n","protected":false},"featured_media":78,"comment_status":"open","ping_status":"closed","template":"","meta":[],"product_brand":[],"product_cat":[16,18],"product_tag":[20],"class_list":{"0":"post-77","1":"product","2":"type-product","3":"status-publish","4":"has-post-thumbnail","6":"product_cat-langues-bibliques","7":"product_cat-grec","8":"product_tag-francais","9":"pa_authors-jacques-boulet","11":"first","12":"instock","13":"shipping-taxable","14":"purchasable","15":"product-type-simple"},"jetpack_sharing_enabled":true,"_links":{"self":[{"href":"https:\/\/boulet.pub\/fr\/wp-json\/wp\/v2\/product\/77","targetHints":{"allow":["GET"]}}],"collection":[{"href":"https:\/\/boulet.pub\/fr\/wp-json\/wp\/v2\/product"}],"about":[{"href":"https:\/\/boulet.pub\/fr\/wp-json\/wp\/v2\/types\/product"}],"replies":[{"embeddable":true,"href":"https:\/\/boulet.pub\/fr\/wp-json\/wp\/v2\/comments?post=77"}],"wp:featuredmedia":[{"embeddable":true,"href":"https:\/\/boulet.pub\/fr\/wp-json\/wp\/v2\/media\/78"}],"wp:attachment":[{"href":"https:\/\/boulet.pub\/fr\/wp-json\/wp\/v2\/media?parent=77"}],"wp:term":[{"taxonomy":"product_brand","embeddable":true,"href":"https:\/\/boulet.pub\/fr\/wp-json\/wp\/v2\/product_brand?post=77"},{"taxonomy":"product_cat","embeddable":true,"href":"https:\/\/boulet.pub\/fr\/wp-json\/wp\/v2\/product_cat?post=77"},{"taxonomy":"product_tag","embeddable":true,"href":"https:\/\/boulet.pub\/fr\/wp-json\/wp\/v2\/product_tag?post=77"}],"curies":[{"name":"wp","href":"https:\/\/api.w.org\/{rel}","templated":true}]}}