{"id":81,"date":"2025-08-20T12:21:03","date_gmt":"2025-08-20T12:21:03","guid":{"rendered":"https:\/\/boulet.pub\/product\/bible-reading-notebook\/"},"modified":"2025-11-28T17:47:44","modified_gmt":"2025-11-28T17:47:44","slug":"bible-reading-notebook","status":"publish","type":"product","link":"https:\/\/boulet.pub\/fr\/product\/bible-reading-notebook\/","title":{"rendered":"Bible Reading Notebook"},"content":{"rendered":"<p>Ce carnet (version anglaise) se compose de deux parties principales : la section <em>Notes de lecture biblique<\/em> et la section <em>Plans de lecture<\/em>. Deux plans de lecture sont inclus \u00e0 la fin de l\u2019ouvrage, chacun accompagn\u00e9 de ses propres instructions.<\/p>\n<p>Le c\u0153ur de ce carnet est la section Notes de lecture biblique. Il a \u00e9t\u00e9 con\u00e7u comme une aide \u00e0 l\u2019\u00e9tude des \u00c9critures. Il est en effet ais\u00e9 de lire sa portion quotidienne de chapitres sans en retirer de v\u00e9ritable profit. L\u2019objectif poursuivi ici est d\u2019offrir un outil permettant de concentrer l\u2019attention lors de la lecture biblique, sans accro\u00eetre la charge de travail.<\/p>\n<p>\u00c0 l\u2019int\u00e9rieur de ce carnet, chacun des livres de la Bible est r\u00e9pertori\u00e9, suivi d\u2019un nombre de lignes correspondant au nombre de chapitres de ce livre. La m\u00e9thode est des plus simples : apr\u00e8s la lecture de chaque chapitre, le lecteur est invit\u00e9 \u00e0 s&rsquo;arr\u00eater bri\u00e8vement afin de s\u2019assurer qu\u2019il a bien saisi le sens du passage. Il utilise ensuite la ligne r\u00e9serv\u00e9e \u00e0 ce chapitre pour r\u00e9diger un r\u00e9sum\u00e9 concis, limit\u00e9 \u00e0 une seule phrase. Voil\u00e0 tout.<\/p>\n<div class=\"_df_book df-lite\" id=\"df_222\"  _slug=\"bible-reading-notebook\" data-title=\"bible-reading-notebook\" wpoptions=\"true\" thumb=\"https:\/\/boulet.pub\/wp-content\/uploads\/2025\/08\/9p8nn7-front-shortedge-384.jpg\" thumbtype=\"\" ><\/div><script class=\"df-shortcode-script\" nowprocket type=\"application\/javascript\">window.option_df_222 = {\"outline\":[],\"height\":\"600\",\"autoEnableOutline\":\"false\",\"autoEnableThumbnail\":\"false\",\"overwritePDFOutline\":\"false\",\"enableDownload\":\"false\",\"direction\":\"1\",\"pageSize\":\"0\",\"soundEnable\":\"false\",\"source\":\"https:\\\/\\\/boulet.pub\\\/wp-content\\\/uploads\\\/2025\\\/08\\\/sample-bible-reading-notebook.pdf\",\"wpOptions\":\"true\"}; if(window.DFLIP && window.DFLIP.parseBooks){window.DFLIP.parseBooks();}<\/script>\n","protected":false},"excerpt":{"rendered":"<p>Ce carnet (version anglaise) se compose de deux parties principales : la section Notes de lecture biblique et la section Plans de lecture. Deux plans de lecture sont inclus \u00e0 la fin de l\u2019ouvrage, chacun accompagn\u00e9 de ses propres instructions.<\/p>\n","protected":false},"featured_media":82,"comment_status":"open","ping_status":"closed","template":"","meta":[],"product_brand":[],"product_cat":[17],"product_tag":[21],"class_list":{"0":"post-81","1":"product","2":"type-product","3":"status-publish","4":"has-post-thumbnail","6":"product_cat-etude-biblique","7":"product_tag-anglais","8":"pa_authors-jacques-boulet","10":"first","11":"instock","12":"shipping-taxable","13":"purchasable","14":"product-type-variable"},"jetpack_sharing_enabled":true,"_links":{"self":[{"href":"https:\/\/boulet.pub\/fr\/wp-json\/wp\/v2\/product\/81","targetHints":{"allow":["GET"]}}],"collection":[{"href":"https:\/\/boulet.pub\/fr\/wp-json\/wp\/v2\/product"}],"about":[{"href":"https:\/\/boulet.pub\/fr\/wp-json\/wp\/v2\/types\/product"}],"replies":[{"embeddable":true,"href":"https:\/\/boulet.pub\/fr\/wp-json\/wp\/v2\/comments?post=81"}],"wp:featuredmedia":[{"embeddable":true,"href":"https:\/\/boulet.pub\/fr\/wp-json\/wp\/v2\/media\/82"}],"wp:attachment":[{"href":"https:\/\/boulet.pub\/fr\/wp-json\/wp\/v2\/media?parent=81"}],"wp:term":[{"taxonomy":"product_brand","embeddable":true,"href":"https:\/\/boulet.pub\/fr\/wp-json\/wp\/v2\/product_brand?post=81"},{"taxonomy":"product_cat","embeddable":true,"href":"https:\/\/boulet.pub\/fr\/wp-json\/wp\/v2\/product_cat?post=81"},{"taxonomy":"product_tag","embeddable":true,"href":"https:\/\/boulet.pub\/fr\/wp-json\/wp\/v2\/product_tag?post=81"}],"curies":[{"name":"wp","href":"https:\/\/api.w.org\/{rel}","templated":true}]}}